{"id":6232,"date":"2011-12-08T08:37:59","date_gmt":"2011-12-08T08:37:59","guid":{"rendered":"http:\/\/www.eamel.net\/blog\/?page_id=6232"},"modified":"2024-10-06T18:55:20","modified_gmt":"2024-10-06T16:55:20","slug":"kontakt","status":"publish","type":"page","link":"http:\/\/www.eamel.net\/blog\/kontakt\/","title":{"rendered":"Kontakt | Contact | Kohtakt"},"content":{"rendered":"<table style=\"border-collapse: collapse; width: 100%;\">\n<tbody>\n<tr>\n<td style=\"width: 33.3333%; vertical-align: top;\">\n<hr \/>\n<p><span style=\"font-size: 14pt;\"><strong>FRYSK<\/strong><\/span><\/p>\n<hr \/>\n<p style=\"text-align: left;\"><span style=\"font-size: 14pt;\"><em><img loading=\"lazy\" decoding=\"async\" class=\"wp-image-53648 alignleft\" src=\"https:\/\/www.eamel.net\/blog\/wp-content\/uploads\/2018\/03\/Friesland.gif\" alt=\"\" width=\"70\" height=\"25\"\/><\/em><\/span><\/p>\n<p style=\"text-align: left;\"><span class=\"penci-dropcap-bold\">F<\/span><span style=\"color: #000000;\">iel dy frij ta it pleatsen fan op- as oanmerkingen as foar it stellen fan fragen mei gebr\u00fbk fan \u00fbndersteande mailformulier.<\/span><\/p>\n<p><span style=\"color: #000000;\">As ik reagearje hinget fansels fan dyn fraach as opmerking \u00f4f.<\/span> <span style=\"font-size: 15pt;\"><b>&#x1f61c;<\/b><\/span><\/p>\n<\/td>\n<td style=\"width: 33.3333%; vertical-align: top; background-color: #e6e6fa;\">\n<hr \/>\n<p style=\"text-align: left;\"><span style=\"font-size: 14pt;\"><strong>NEDERLANDS<\/strong><\/span><\/p>\n<hr \/>\n<p style=\"text-align: left;\"><span style=\"font-size: 14pt;\"><em><img loading=\"lazy\" decoding=\"async\" class=\"wp-image-53646 alignleft\" src=\"https:\/\/www.eamel.net\/blog\/wp-content\/uploads\/2018\/03\/Netherlands-xl.gif\" alt=\"\" width=\"70\" height=\"18\"\/><\/em><\/span><span class=\"penci-dropcap-bold\">V<\/span><span style=\"color: #000000;\">oel je vrij tot het plaatsen van op- of aanmerkingen en\/of voor het stellen van vragen d.m.v. onderstaand mailformulier.<\/span><\/p>\n<p><span style=\"color: #000000;\">Of ik reageer hangt natuurlijk van je vraag en\/of opmerking af.<\/span> <span style=\"font-size: 15pt;\">&#x1f62c;<\/span><b><i><\/i><\/b><\/p>\n<\/td>\n<td style=\"width: 33.3333%; vertical-align: top;\">\n<hr \/>\n<p style=\"text-align: left;\"><span style=\"font-size: 14pt;\"><strong>ENGLISH<\/strong><\/span><\/p>\n<hr \/>\n<p><span style=\"font-size: 14pt;\"><img loading=\"lazy\" decoding=\"async\" class=\"wp-image-53647 alignleft\" src=\"https:\/\/www.eamel.net\/blog\/wp-content\/uploads\/2018\/03\/United-Kingdom-xl.gif\" alt=\"\" width=\"70\" height=\"18\"\/><\/span><\/p>\n<p style=\"text-align: left;\"><span class=\"penci-dropcap-bold\">F<\/span><span style=\"color: #000000;\">eel free to add any comment and\/or question by means of this mailform.<\/span><\/p>\n<p><span style=\"color: #000000;\">Ofcourse me replying will depend on the contents of that comment or question.<\/span> <span style=\"font-size: 15pt;\">&#x1f601;<\/span><b><i> <\/i><\/b><\/p>\n<\/td>\n<\/tr>\n<\/tbody>\n<\/table>\n<hr \/>\n<div class=\"gca-utility clearfix\"><\/div>\n<table style=\"border-collapse: collapse; width: 100%;\">\n<tbody>\n<tr>\n<td style=\"width: 18%;\">&nbsp;<\/td>\n<td style=\"width: 64%;\">\n<div class=\"wpforms-container wpforms-container-full\" id=\"wpforms-85016\"><form id=\"wpforms-form-85016\" class=\"wpforms-validate wpforms-form wpforms-ajax-form\" data-formid=\"85016\" method=\"post\" enctype=\"multipart\/form-data\" action=\"\/blog\/wp-json\/wp\/v2\/pages\/6232\" data-token=\"d9ba3eba14bc3106ed211ed6e37890d6\" data-token-time=\"1778300646\"><noscript class=\"wpforms-error-noscript\">Please enable JavaScript in your browser to complete this form.<\/noscript><div class=\"wpforms-field-container\"><div id=\"wpforms-85016-field_0-container\" class=\"wpforms-field wpforms-field-name\" data-field-id=\"0\"><label class=\"wpforms-field-label\" for=\"wpforms-85016-field_0\">Namme | Naam | Name <span class=\"wpforms-required-label\">*<\/span><\/label><input type=\"text\" id=\"wpforms-85016-field_0\" class=\"wpforms-field-large wpforms-field-required\" name=\"wpforms[fields][0]\" required><\/div><div id=\"wpforms-85016-field_1-container\" class=\"wpforms-field wpforms-field-email\" data-field-id=\"1\"><label class=\"wpforms-field-label\" for=\"wpforms-85016-field_1\">Eamel | E-mail <span class=\"wpforms-required-label\">*<\/span><\/label><input type=\"email\" id=\"wpforms-85016-field_1\" class=\"wpforms-field-large wpforms-field-required\" name=\"wpforms[fields][1]\" spellcheck=\"false\" required><\/div><div id=\"wpforms-85016-field_3-container\" class=\"wpforms-field wpforms-field-url\" data-field-id=\"3\"><label class=\"wpforms-field-label\" for=\"wpforms-85016-field_3\">Webside | Website<\/label><input type=\"url\" id=\"wpforms-85016-field_3\" class=\"wpforms-field-large\" name=\"wpforms[fields][3]\" placeholder=\"https:\/\/\" ><\/div><div id=\"wpforms-85016-field_8-container\" class=\"wpforms-field wpforms-field-text\" data-field-id=\"8\"><label class=\"wpforms-field-label\" for=\"wpforms-85016-field_8\">\u00dbnderwerp | Onderwerp | Subject <span class=\"wpforms-required-label\">*<\/span><\/label><input type=\"text\" id=\"wpforms-85016-field_8\" class=\"wpforms-field-large wpforms-field-required\" name=\"wpforms[fields][8]\" required><\/div><div id=\"wpforms-85016-field_2-container\" class=\"wpforms-field wpforms-field-textarea\" data-field-id=\"2\"><label class=\"wpforms-field-label\" for=\"wpforms-85016-field_2\">Berjocht | Bericht | Message <span class=\"wpforms-required-label\">*<\/span><\/label><textarea id=\"wpforms-85016-field_2\" class=\"wpforms-field-large wpforms-field-required\" name=\"wpforms[fields][2]\" required><\/textarea><\/div><div id=\"wpforms-85016-field_5-container\" class=\"wpforms-field wpforms-field-hidden\" data-field-id=\"5\"><input type=\"hidden\" id=\"wpforms-85016-field_5\" name=\"wpforms[fields][5]\" value=\"216.73.217.101\"><\/div><div id=\"wpforms-85016-field_6-container\" class=\"wpforms-field wpforms-field-hidden\" data-field-id=\"6\"><input type=\"hidden\" id=\"wpforms-85016-field_6\" name=\"wpforms[fields][6]\" value=\"05\/09\/2026\"><\/div><\/div><!-- .wpforms-field-container --><div class=\"wpforms-recaptcha-container wpforms-is-recaptcha wpforms-is-recaptcha-type-v3\" ><input type=\"hidden\" name=\"wpforms[recaptcha]\" value=\"\"><\/div><div class=\"wpforms-submit-container\" ><input type=\"hidden\" name=\"wpforms[id]\" value=\"85016\"><input type=\"hidden\" name=\"page_title\" value=\"\"><input type=\"hidden\" name=\"page_url\" value=\"https:\/\/www.eamel.net\/blog\/wp-json\/wp\/v2\/pages\/6232\"><button type=\"submit\" name=\"wpforms[submit]\" id=\"wpforms-submit-85016\" class=\"wpforms-submit\" data-alt-text=\"Dwaande | Bezig | Busy ...\" data-submit-text=\"Fuortstjoere | Verstuur | Submit\" aria-live=\"assertive\" value=\"wpforms-submit\">Fuortstjoere | Verstuur | Submit<\/button><img loading=\"lazy\" decoding=\"async\" src=\"https:\/\/www.eamel.net\/blog\/wp-content\/plugins\/wpforms\/assets\/images\/submit-spin.svg\" class=\"wpforms-submit-spinner\" style=\"display: none;\" width=\"26\" height=\"26\" alt=\"Loading\"><\/div><\/form><\/div>  <!-- .wpforms-container -->\n<p style=\"text-align: right;\"><span style=\"font-size: 9pt;\"><em><span style=\"color: #ff0000;\"><strong>* = Ferplicht | Verplicht | Mandatory<\/strong><\/span><\/em><\/span><\/p>\n<\/td>\n<td style=\"width: 18%;\">&nbsp;<\/td>\n<\/tr>\n<\/tbody>\n<\/table>\n<p style=\"text-align: right;\"><span style=\"font-size: 9pt;\"><strong><span style=\"color: #ff0000;\">&nbsp;<\/span><\/strong><\/span><\/p>\n<div id=\"gtx-trans\" style=\"position: absolute; left: 153px; top: 89px;\">\n<div class=\"gtx-trans-icon\">&nbsp;<\/div>\n<\/div>\n","protected":false},"excerpt":{"rendered":"<p>FRYSK Fiel dy frij ta it pleatsen fan op- as oanmerkingen as foar it stellen fan fragen mei gebr\u00fbk fan \u00fbndersteande mailformulier. As ik reagearje hinget fansels fan dyn fraach as opmerking \u00f4f. &#x1f61c; NEDERLANDS Voel je vrij tot het plaatsen van op- of aanmerkingen en\/of voor het stellen van vragen d.m.v. onderstaand mailformulier. Of &#8230; <\/p>\n<p class=\"read-more-container\"><a title=\"Kontakt | Contact | Kohtakt\" class=\"read-more button\" href=\"http:\/\/www.eamel.net\/blog\/kontakt\/#more-6232\" aria-label=\"Read more about Kontakt | Contact | Kohtakt\">Read more<\/a><\/p>\n","protected":false},"author":1,"featured_media":0,"parent":0,"menu_order":24,"comment_status":"closed","ping_status":"closed","template":"","meta":{"_acf_changed":false,"wikipediapreview_detectlinks":true,"passster_activate_protection":false,"passster_protect_child_pages":"","passster_protection_type":"password","passster_password":"","passster_passwords":"","passster_password_list":"","passster_password_lists":"","passster_activate_user_restriction":"","passster_user_restriction_type":"user-role","passster_user_restriction":"no-role","passster_activate_overwrite_defaults":"","passster_headline":"","passster_instruction":"","passster_placeholder":"","passster_button":"","passster_id":"","passster_activate_misc_settings":"","passster_redirect_url":"","passster_hide":"no","passster_area_shortcode":"","ngg_post_thumbnail":0,"footnotes":""},"class_list":["post-6232","page","type-page","status-publish"],"acf":[],"_links":{"self":[{"href":"https:\/\/www.eamel.net\/blog\/wp-json\/wp\/v2\/pages\/6232","targetHints":{"allow":["GET"]}}],"collection":[{"href":"https:\/\/www.eamel.net\/blog\/wp-json\/wp\/v2\/pages"}],"about":[{"href":"https:\/\/www.eamel.net\/blog\/wp-json\/wp\/v2\/types\/page"}],"author":[{"embeddable":true,"href":"https:\/\/www.eamel.net\/blog\/wp-json\/wp\/v2\/users\/1"}],"replies":[{"embeddable":true,"href":"https:\/\/www.eamel.net\/blog\/wp-json\/wp\/v2\/comments?post=6232"}],"version-history":[{"count":0,"href":"https:\/\/www.eamel.net\/blog\/wp-json\/wp\/v2\/pages\/6232\/revisions"}],"wp:attachment":[{"href":"https:\/\/www.eamel.net\/blog\/wp-json\/wp\/v2\/media?parent=6232"}],"curies":[{"name":"wp","href":"https:\/\/api.w.org\/{rel}","templated":true}]}}