{"id":8637,"date":"2012-05-14T08:26:36","date_gmt":"2012-05-14T06:26:36","guid":{"rendered":"http:\/\/www.eamel.net\/blog\/?page_id=8637"},"modified":"2024-10-28T19:03:58","modified_gmt":"2024-10-28T18:03:58","slug":"oer-over","status":"publish","type":"page","link":"http:\/\/www.eamel.net\/blog\/oer-over\/","title":{"rendered":"Wa? Wie? Who?"},"content":{"rendered":"<table style=\"border-collapse: collapse; width: 1157px;\">\n<tbody>\n<tr>\n<td style=\"width: 33.3333%; vertical-align: top;\">\n<hr \/>\n<p><span style=\"font-size: 14pt;\"><strong>FRYSK<\/strong><\/span><\/p>\n<hr \/>\n<p style=\"text-align: left;\"><span style=\"font-size: 14pt;\"><em><img loading=\"lazy\" decoding=\"async\" class=\"wp-image-53648 alignleft\" src=\"https:\/\/www.eamel.net\/blog\/wp-content\/uploads\/2018\/03\/Friesland.gif\" alt=\"\" width=\"70\" height=\"25\"\/><\/em><\/span><\/p>\n<p style=\"text-align: left;\"><span class=\"wpsdc-drop-cap\">E<\/span><span style=\"font-size: 17px;\"><span style=\"color: #000000;\"><em>amel.net<\/em> is in blog op persoanlike&nbsp;titel fan <em>Durk<\/em>, in <em>\u00e2ldere jongere<\/em>.<\/span><\/span><\/p>\n<p style=\"text-align: left;\"><span style=\"font-size: 17px; color: #000000;\"><span style=\"text-decoration: underline;\"><a style=\"color: #000000; text-decoration: underline;\" rel=\"noopener\" href=\"https:\/\/www.eamel.net\/blog\/2012\/02\/12\/numer-77\/\" target=\"_blank\">Berne, hikke en tein<\/a><\/span> op <em>it Hearrenfean<\/em>, <em>Frysl\u00e2n<\/em> maar wennet al wer tweintich+ jirren yn it <em>Sodom &amp; Gomorra<\/em> fan <em>Nederl\u00e2n<\/em>; de <em>R\u00e2nest\u00e8d<\/em>, omkriten <em>Rotterdam<\/em>. <\/span><\/p>\n<p style=\"text-align: left;\"><span style=\"color: #000000; font-size: 17px;\"><em>Eamel.net<\/em> is benammen satire en it wurdt de l\u00eazer oanred om de side net al te serieus te nimmen, \u00fatsein wer dit eksplisyt oanj\u00fbn stiet.&nbsp;Jo binne warskouwe. &#x1f602;<\/span><\/p>\n<p style=\"text-align: left;\"><span style=\"font-size: 17px; color: #000000;\"><a class=\"hoverZoomLink\" style=\"color: #000000;\" href=\"https:\/\/www.eamel.net\/blog\/wp-content\/uploads\/avatar.jpg\"><img loading=\"lazy\" decoding=\"async\" class=\"wp-image-32929 size-thumbnail alignleft hoverZoomLink\" src=\"https:\/\/www.eamel.net\/blog\/wp-content\/uploads\/avatar-150x150.jpg\" alt=\"\" width=\"150\" height=\"150\" srcset=\"https:\/\/www.eamel.net\/blog\/wp-content\/uploads\/\/avatar-150x150.jpg 150w, https:\/\/www.eamel.net\/blog\/wp-content\/uploads\/\/avatar-300x300.jpg 300w, https:\/\/www.eamel.net\/blog\/wp-content\/uploads\/\/avatar-1024x1024.jpg 1024w, https:\/\/www.eamel.net\/blog\/wp-content\/uploads\/\/avatar-636x636.jpg 636w, https:\/\/www.eamel.net\/blog\/wp-content\/uploads\/\/avatar-600x600.jpg 600w, https:\/\/www.eamel.net\/blog\/wp-content\/uploads\/\/avatar-140x140.jpg 140w, https:\/\/www.eamel.net\/blog\/wp-content\/uploads\/\/avatar-100x100.jpg 100w, https:\/\/www.eamel.net\/blog\/wp-content\/uploads\/\/avatar.jpg 1280w\" sizes=\"auto, (max-width: 150px) 100vw, 150px\" \/><\/a>Tenslotte; wolle jo kontakt mei him, br\u00fbk dan it <a style=\"color: #000000;\" href=\"https:\/\/www.eamel.net\/blog\/kontakt\/\"><span style=\"text-decoration: underline;\">kontaktformulier<\/span><\/a> op dizze side.&nbsp;Mocht jo berjocht ynteressant gen\u00f4ch w\u00eaze, komt hij der f\u00east wol op werom.<\/span><\/p>\n<p style=\"text-align: left;\"><span style=\"font-size: 17px; color: #000000;\"><em>Oant sjen!<\/em><\/span><\/p>\n<p><img loading=\"lazy\" decoding=\"async\" class=\"alignleft size-full wp-image-64253 hoverZoomLink\" src=\"https:\/\/www.eamel.net\/blog\/wp-content\/uploads\/2020\/03\/eamel_signature-300x142-1.png\" alt=\"\" width=\"300\" height=\"142\"\/><\/p>\n<\/td>\n<td style=\"width: 33.3333%; vertical-align: top; background-color: #e6e6fa;\">\n<hr \/>\n<p style=\"text-align: left;\"><span style=\"font-size: 14pt;\"><strong>NEDERLANDS<\/strong><\/span><\/p>\n<hr \/>\n<p style=\"text-align: left;\"><span style=\"font-size: 14pt;\"><em><img loading=\"lazy\" decoding=\"async\" class=\"wp-image-53646 alignleft\" src=\"https:\/\/www.eamel.net\/blog\/wp-content\/uploads\/2018\/03\/Netherlands-xl.gif\" alt=\"\" width=\"70\" height=\"18\"\/><\/em><span style=\"color: #000000;\"><span class=\"wpsdc-drop-cap\">E<\/span><span style=\"font-size: 17px;\"><em>amel.net<\/em> is een blog op persoonlijke titel van Durk, een <em>oudere jongere<\/em>.<\/span><\/span><\/span><\/p>\n<p style=\"text-align: left;\"><span style=\"font-size: 17px; color: #000000;\"><span style=\"text-decoration: underline;\"><a style=\"color: #000000; text-decoration: underline;\" rel=\"noopener\" href=\"https:\/\/www.eamel.net\/blog\/2012\/02\/12\/numer-77\/\" target=\"_blank\">Geboren en getogen<\/a><\/span> in <em>Heerenveen<\/em>, <em>Friesland<\/em> maar inmiddels twintig+ jaren woonachtig in het <em>Sodom &amp; Gomorra<\/em> van <em>Nederland<\/em>; de <em>Randstad<\/em>, regio <em>Rotterdam<\/em>.&nbsp;<\/span><\/p>\n<p style=\"text-align: left;\"><span style=\"font-size: 17px; color: #000000;\"><em>Eamel.net<\/em> is voornamelijk satire en het wordt de lezer aangeraden om de site inhoudelijk vooral niet voor waar aan te nemen behalve wanneer dit expliciet staat aangegeven. Je bent gewaarschuwd. &#x1f602;<\/span><\/p>\n<p style=\"text-align: left;\"><span style=\"font-size: 17px; color: #000000;\"><a class=\"hoverZoomLink\" style=\"color: #000000;\" href=\"https:\/\/www.eamel.net\/blog\/wp-content\/uploads\/avatar.jpg\"><img loading=\"lazy\" decoding=\"async\" class=\"wp-image-32929 size-thumbnail alignleft hoverZoomLink\" src=\"https:\/\/www.eamel.net\/blog\/wp-content\/uploads\/avatar-150x150.jpg\" alt=\"\" width=\"150\" height=\"150\" srcset=\"https:\/\/www.eamel.net\/blog\/wp-content\/uploads\/\/avatar-150x150.jpg 150w, https:\/\/www.eamel.net\/blog\/wp-content\/uploads\/\/avatar-300x300.jpg 300w, https:\/\/www.eamel.net\/blog\/wp-content\/uploads\/\/avatar-1024x1024.jpg 1024w, https:\/\/www.eamel.net\/blog\/wp-content\/uploads\/\/avatar-636x636.jpg 636w, https:\/\/www.eamel.net\/blog\/wp-content\/uploads\/\/avatar-600x600.jpg 600w, https:\/\/www.eamel.net\/blog\/wp-content\/uploads\/\/avatar-140x140.jpg 140w, https:\/\/www.eamel.net\/blog\/wp-content\/uploads\/\/avatar-100x100.jpg 100w, https:\/\/www.eamel.net\/blog\/wp-content\/uploads\/\/avatar.jpg 1280w\" sizes=\"auto, (max-width: 150px) 100vw, 150px\" \/><\/a>Tenslotte: wil je contact met hem, gebruik dan het<a style=\"color: #000000;\" href=\"https:\/\/www.eamel.net\/blog\/kontakt\/\"><span style=\"text-decoration: underline;\"> contactformulier<\/span><\/a> alhier. Mocht 't interessant genoeg zijn, krijg je ongetwijfeld een reactie terug.<\/span><\/p>\n<p style=\"text-align: left;\"><span style=\"font-size: 17px; color: #000000;\"><em>Tot ziens!<\/em><\/span><\/p>\n<p><img loading=\"lazy\" decoding=\"async\" class=\"alignleft size-full wp-image-64253 hoverZoomLink\" src=\"https:\/\/www.eamel.net\/blog\/wp-content\/uploads\/2020\/03\/eamel_signature-300x142-1.png\" alt=\"\" width=\"300\" height=\"142\"\/><\/p>\n<\/td>\n<td style=\"width: 33.3333%; vertical-align: top;\">\n<hr \/>\n<p style=\"text-align: left;\"><span style=\"font-size: 14pt;\"><strong>ENGLISH<\/strong><\/span><\/p>\n<hr \/>\n<p><span style=\"font-size: 14pt;\"><img loading=\"lazy\" decoding=\"async\" class=\"wp-image-53647 alignleft\" src=\"https:\/\/www.eamel.net\/blog\/wp-content\/uploads\/2018\/03\/United-Kingdom-xl.gif\" alt=\"\" width=\"70\" height=\"18\"\/><span style=\"color: #000000;\"> <span class=\"wpsdc-drop-cap\">E<\/span><span style=\"font-size: 17px;\"><em>amel.net<\/em> is a blog on personal title of <em>Durk<\/em>, an <em>older youngster<\/em>.<\/span><\/span><\/span><\/p>\n<p><span style=\"font-size: 17px; color: #000000;\"><span style=\"text-decoration: underline;\"><a style=\"color: #000000; text-decoration: underline;\" rel=\"noopener\" href=\"https:\/\/www.eamel.net\/blog\/2012\/02\/12\/numer-77\/\" target=\"_blank\">Born and raised<\/a><\/span>&nbsp;in <em>Heerenveen<\/em>, <em>Friesland<\/em>&nbsp;<em>(The Netherlands)<\/em> but has now been living twenty+ years in <em>Sodom &amp; Gomorrah<\/em> of the <em>Netherlands<\/em>; some area we call the <em>Randstad<\/em>, <em>Rotterdam<\/em> region.&nbsp;<\/span><\/p>\n<p><span style=\"font-size: 17px; color: #000000;\"><em>Eamel.net<\/em> is mainly satire and it is recommended not to take it too seriously, especially where-mentioned. You have been warned. &#x1f602;<\/span><\/p>\n<p><span style=\"font-size: 17px; color: #000000;\"><a class=\"hoverZoomLink\" style=\"color: #000000;\" href=\"https:\/\/www.eamel.net\/blog\/wp-content\/uploads\/avatar.jpg\"><img loading=\"lazy\" decoding=\"async\" class=\"wp-image-32929 size-thumbnail alignleft hoverZoomLink\" src=\"https:\/\/www.eamel.net\/blog\/wp-content\/uploads\/avatar-150x150.jpg\" alt=\"\" width=\"150\" height=\"150\" srcset=\"https:\/\/www.eamel.net\/blog\/wp-content\/uploads\/\/avatar-150x150.jpg 150w, https:\/\/www.eamel.net\/blog\/wp-content\/uploads\/\/avatar-300x300.jpg 300w, https:\/\/www.eamel.net\/blog\/wp-content\/uploads\/\/avatar-1024x1024.jpg 1024w, https:\/\/www.eamel.net\/blog\/wp-content\/uploads\/\/avatar-636x636.jpg 636w, https:\/\/www.eamel.net\/blog\/wp-content\/uploads\/\/avatar-600x600.jpg 600w, https:\/\/www.eamel.net\/blog\/wp-content\/uploads\/\/avatar-140x140.jpg 140w, https:\/\/www.eamel.net\/blog\/wp-content\/uploads\/\/avatar-100x100.jpg 100w, https:\/\/www.eamel.net\/blog\/wp-content\/uploads\/\/avatar.jpg 1280w\" sizes=\"auto, (max-width: 150px) 100vw, 150px\" \/><\/a>PS:&nbsp;would you like to contact him, use the <a style=\"color: #000000;\" href=\"https:\/\/www.eamel.net\/blog\/kontakt\/\"><span style=\"text-decoration: underline;\">contact form<\/span><\/a>. If it's interesting enough, you will undoubtedly get a response back as soon as possible.<\/span><\/p>\n<p><span style=\"font-size: 17px; color: #000000;\"><em>See you soon!<\/em><\/span><\/p>\n<p><img loading=\"lazy\" decoding=\"async\" class=\"alignleft size-full wp-image-64253 hoverZoomLink\" src=\"https:\/\/www.eamel.net\/blog\/wp-content\/uploads\/2020\/03\/eamel_signature-300x142-1.png\" alt=\"\" width=\"300\" height=\"142\"\/><\/p>\n<\/td>\n<\/tr>\n<\/tbody>\n<\/table>\n<p><!--more--><\/p>\n<hr \/>\n<p><center><div class=\"epyt-video-wrapper\"><iframe loading=\"lazy\"  style=\"display: block; margin: 0px auto;\"  id=\"_ytid_66399\"  width=\"1280\" height=\"960\"  data-origwidth=\"1280\" data-origheight=\"960\"  data-relstop=\"1\" src=\"https:\/\/www.youtube.com\/embed\/irFZOE_MpeI?enablejsapi=1&origin=https:\/\/www.eamel.net&iv_load_policy=3&autoplay=0&cc_load_policy=0&cc_lang_pref=&loop=0&rel=0&fs=1&playsinline=1&autohide=2&theme=dark&color=red&controls=1&disablekb=0&\" class=\"__youtube_prefs__  no-lazyload\" title=\"YouTube player\"  allow=\"fullscreen; accelerometer; autoplay; clipboard-write; encrypted-media; gyroscope; picture-in-picture; web-share\" referrerpolicy=\"strict-origin-when-cross-origin\" allowfullscreen data-no-lazy=\"1\" data-skipgform_ajax_framebjll=\"\"><\/iframe><\/div><span itemprop=\"video\" itemscope itemtype=\"http:\/\/schema.org\/VideoObject\"><meta itemprop=\"embedUrl\" content=\"https:\/\/www.youtube.com\/embed\/irFZOE_MpeI\"><meta itemprop=\"name\" content=\"\"><meta itemprop=\"description\" content=\"YouTube video\"><meta itemprop=\"thumbnailUrl\" content=\"https:\/\/i.ytimg.com\/vi\/irFZOE_MpeI\/0.jpg\"><meta itemprop=\"duration\" content=\"\"><meta itemprop=\"uploadDate\" content=\"\"><\/span><\/center><\/p>\n<p><span style=\"text-decoration: underline;\"><a rel=\"noopener\" href=\"https:\/\/www.wikiwand.com\/fy\/It_Hearrenfean_(plak)\" target=\"_blank\">Myn geboorte'doarp', 17 jaar dernei<\/a><\/span>&nbsp;| <span style=\"text-decoration: underline;\"><a rel=\"noopener\" href=\"https:\/\/www.wikiwand.com\/nl\/Heerenveen_(plaats)\" target=\"_blank\">Mijn<\/a> <a rel=\"noopener\" href=\"https:\/\/www.wikiwand.com\/nl\/Heerenveen_(plaats)\" target=\"_blank\">geboorte'dorp', 17 jaar daarna<\/a><\/span>&nbsp;| <span style=\"text-decoration: underline;\"><a rel=\"noopener\" href=\"https:\/\/www.wikiwand.com\/nl\/Heerenveen_(plaats)\" target=\"_blank\">The village where I was born, 17 years after<\/a><\/span>&nbsp;<\/p>\n<hr \/>\n<p><center><\/center><center><iframe loading=\"lazy\" style=\"border: 0;\" src=\"https:\/\/www.google.com\/maps\/embed?pb=!4v1628500085536!6m8!1m7!1s7dZYaynQ8qdR2L50PcW4_g!2m2!1d52.96346455493995!2d5.92634251548267!3f320.211!4f0!5f0.7820865974627469\" width=\"1280\" height=\"600\" allowfullscreen=\"allowfullscreen\"><\/iframe><\/center><\/p>\n<p><span style=\"text-decoration: underline;\"><a rel=\"noopener\" href=\"https:\/\/www.eamel.net\/blog\/2012\/02\/12\/geboortehuis\/\" target=\"_blank\">It h\u00fbs fan myn berte<\/a><\/span> | <span style=\"text-decoration: underline;\"><a rel=\"noopener\" href=\"https:\/\/www.eamel.net\/blog\/2012\/02\/12\/geboortehuis\/\" target=\"_blank\">Mijn<\/a><a rel=\"noopener\" href=\"https:\/\/www.eamel.net\/blog\/2012\/02\/12\/geboortehuis\/\" target=\"_blank\"> geboortehuis<\/a><\/span> | <span style=\"text-decoration: underline;\"><a rel=\"noopener\" href=\"https:\/\/www.eamel.net\/blog\/2012\/02\/12\/geboortehuis\/\" target=\"_blank\">The house where I was born<\/a><\/span><\/p>\n<p>&nbsp;<\/p>\n","protected":false},"excerpt":{"rendered":"<p>FRYSK Eamel.net is in blog op persoanlike&nbsp;titel fan Durk, in \u00e2ldere jongere. Berne, hikke en tein op it Hearrenfean, Frysl\u00e2n maar wennet al wer tweintich+ jirren yn it Sodom &amp; Gomorra fan Nederl\u00e2n; de R\u00e2nest\u00e8d, omkriten Rotterdam. Eamel.net is benammen satire en it wurdt de l\u00eazer oanred om de side net al te serieus te &#8230; <\/p>\n<p class=\"read-more-container\"><a title=\"Wa? Wie? Who?\" class=\"read-more button\" href=\"http:\/\/www.eamel.net\/blog\/oer-over\/#more-8637\" aria-label=\"Read more about Wa? Wie? Who?\">Read more<\/a><\/p>\n","protected":false},"author":1,"featured_media":0,"parent":0,"menu_order":26,"comment_status":"closed","ping_status":"closed","template":"","meta":{"_acf_changed":false,"wikipediapreview_detectlinks":true,"passster_activate_protection":false,"passster_protect_child_pages":"","passster_protection_type":"password","passster_password":"","passster_passwords":"","passster_password_list":"","passster_password_lists":"","passster_activate_user_restriction":"","passster_user_restriction_type":"user-role","passster_user_restriction":"no-role","passster_activate_overwrite_defaults":"","passster_headline":"","passster_instruction":"","passster_placeholder":"","passster_button":"","passster_id":"","passster_activate_misc_settings":"","passster_redirect_url":"","passster_hide":"no","passster_area_shortcode":"","ngg_post_thumbnail":0,"footnotes":""},"class_list":["post-8637","page","type-page","status-publish"],"acf":[],"_links":{"self":[{"href":"https:\/\/www.eamel.net\/blog\/wp-json\/wp\/v2\/pages\/8637","targetHints":{"allow":["GET"]}}],"collection":[{"href":"https:\/\/www.eamel.net\/blog\/wp-json\/wp\/v2\/pages"}],"about":[{"href":"https:\/\/www.eamel.net\/blog\/wp-json\/wp\/v2\/types\/page"}],"author":[{"embeddable":true,"href":"https:\/\/www.eamel.net\/blog\/wp-json\/wp\/v2\/users\/1"}],"replies":[{"embeddable":true,"href":"https:\/\/www.eamel.net\/blog\/wp-json\/wp\/v2\/comments?post=8637"}],"version-history":[{"count":0,"href":"https:\/\/www.eamel.net\/blog\/wp-json\/wp\/v2\/pages\/8637\/revisions"}],"wp:attachment":[{"href":"https:\/\/www.eamel.net\/blog\/wp-json\/wp\/v2\/media?parent=8637"}],"curies":[{"name":"wp","href":"https:\/\/api.w.org\/{rel}","templated":true}]}}